{"id":3,"date":"2018-06-16T18:19:07","date_gmt":"2018-06-16T16:19:07","guid":{"rendered":"http:\/\/aikido.tigerpages.de\/?page_id=3"},"modified":"2018-08-27T17:05:27","modified_gmt":"2018-08-27T15:05:27","slug":"datenschutzerklaerung","status":"publish","type":"page","link":"http:\/\/aikido-braunschweig.de\/?page_id=3","title":{"rendered":"Datenschutzerkl\u00e4rung"},"content":{"rendered":"<h2>Wer wir sind<\/h2>\n<p>Die Adresse unserer Website ist: http:\/\/aikido-braunschweig.de.<\/p>\n<p>Wir sind eine Aikido-Gruppe aus Braunschweig, die derzeit die Aufnahme in einen gr\u00f6\u00dferen Sportverein als Sparte anstrebt.<\/p>\n<p>Technisch und derzeit auch inhaltlich verantwortlich f\u00fcr den Inhalt der Seiten:<\/p>\n<p>Johanna Huber<br \/>\nKontakt: Aikido (at) Johanna-Huber.de<\/p>\n<h2>Welche personenbezogenen Daten wir sammeln und warum wir sie sammeln<\/h2>\n<p>Diese Webseite dient ausschlie\u00dflich dazu, dem Besucher Daten \u00fcber die Aikidogruppe Braunschweig zur Verf\u00fcgung zu stellen. Eine Erhebung, Speicherung oder Verwendung von Besucherdaten ist dabei nicht geplant. Aus technischen Gr\u00fcnden kann es dennoch zu einer automatischen Speicherung von personenbezogenen Daten kommen:<\/p>\n<h3>Kontaktaufnahme per E-Mail:<\/h3>\n<p>Wenn Sie uns eine E-Mail senden, so wird diese und Ihre E-Mail-Adresse ausschlie\u00dflich f\u00fcr die Korrespondenz mit Ihnen verwandt und nur f\u00fcr die Dauer des Fortbestehens derselben gespeichert.<\/p>\n<h3>Kommentare<\/h3>\n<p>Kommentare sind auf dieser Seite deaktiviert. Sollten Besucher es durch eine Fehlfunktion schaffen, dennoch einen Kommentar zu hinterlassen, werden die dabei angegebenen Daten automatisch gespeichert, au\u00dferdem die IP-Adresse des Besuchers und der User-Agent-String (damit wird der Browser identifiziert), bis wir dazu kommen die unerw\u00fcnschten Kommentare zu l\u00f6schen.<\/p>\n<h3>Eingebettete Inhalte von anderen Websites<\/h3>\n<p>Beitr\u00e4ge auf dieser Website k\u00f6nnen eingebettete Inhalte beinhalten (z.\u00a0B. Videos, Bilder, Beitr\u00e4ge etc.). Eingebettete Inhalte von anderen Websites verhalten sich exakt so, als ob der Besucher die andere Website besucht h\u00e4tte.<\/p>\n<p>Diese Websites k\u00f6nnen Daten \u00fcber dich sammeln, Cookies benutzen, zus\u00e4tzliche Tracking-Dienste von Dritten einbetten und deine Interaktion mit diesem eingebetteten Inhalt aufzeichnen, inklusive deiner Interaktion mit dem eingebetteten Inhalt, falls du ein Konto hast und auf dieser Website angemeldet bist.<\/p>\n<h3>Analysedienste werden durch uns nicht eingesetzt oder beauftragt.<\/h3>\n<h2>Mit wem wir deine Daten teilen<\/h2>\n<p>Angefallene Daten werden nicht mit Dritten geteilt.<\/p>\n<h2>Wie lange wir deine Daten speichern<\/h2>\n<p>F\u00fcr Benutzer, die sich auf unserer Website registrieren, speichern wir zus\u00e4tzlich die pers\u00f6nlichen Informationen, die sie in ihren Benutzerprofilen angeben. Alle Benutzer k\u00f6nnen jederzeit ihre pers\u00f6nlichen Informationen einsehen, ver\u00e4ndern oder l\u00f6schen (der Benutzername kann nicht ver\u00e4ndert werden). Administratoren der Website k\u00f6nnen diese Informationen ebenfalls einsehen und ver\u00e4ndern.<\/p>\n<h2>Welche Rechte du an deinen Daten hast<\/h2>\n<p>Wenn du ein Konto auf dieser Website besitzt oder Kommentare geschrieben hast, kannst du einen Export deiner personenbezogenen Daten bei uns anfordern, inklusive aller Daten, die du uns mitgeteilt hast. Dar\u00fcber hinaus kannst du die L\u00f6schung aller personenbezogenen Daten, die wir von dir gespeichert haben, anfordern. Dies umfasst nicht die Daten, die wir aufgrund administrativer, rechtlicher oder sicherheitsrelevanter Notwendigkeiten aufbewahren m\u00fcssen.<\/p>\n<h2>Wohin wir deine Daten senden<\/h2>\n<p>Sollten Daten aus oben genannten Gr\u00fcnden anfallen, werden diese nicht von uns an Dritte weitergegeben.<\/p>\n<h2>Kontakt-Informationen<\/h2>\n<p>Bei Fragen wende dich gern jederzeit an<\/p>\n<p>Johanna Huber<br \/>\nAikido (at) Johanna-Huber.de<\/p>\n","protected":false},"excerpt":{"rendered":"<p>Wer wir sind Die Adresse unserer Website ist: http:\/\/aikido-braunschweig.de. Wir sind eine Aikido-Gruppe aus Braunschweig, die derzeit die Aufnahme in einen gr\u00f6\u00dferen Sportverein als Sparte anstrebt. Technisch und derzeit auch inhaltlich verantwortlich f\u00fcr den Inhalt der Seiten: Johanna Huber Kontakt: Aikido (at) Johanna-Huber.de Welche personenbezogenen Daten wir sammeln und warum wir sie sammeln Diese Webseite [&hellip;]<\/p>\n","protected":false},"author":1,"featured_media":0,"parent":0,"menu_order":0,"comment_status":"closed","ping_status":"closed","template":"","meta":{"footnotes":""},"class_list":["post-3","page","type-page","status-publish","hentry"],"_links":{"self":[{"href":"http:\/\/aikido-braunschweig.de\/index.php?rest_route=\/wp\/v2\/pages\/3","targetHints":{"allow":["GET"]}}],"collection":[{"href":"http:\/\/aikido-braunschweig.de\/index.php?rest_route=\/wp\/v2\/pages"}],"about":[{"href":"http:\/\/aikido-braunschweig.de\/index.php?rest_route=\/wp\/v2\/types\/page"}],"author":[{"embeddable":true,"href":"http:\/\/aikido-braunschweig.de\/index.php?rest_route=\/wp\/v2\/users\/1"}],"replies":[{"embeddable":true,"href":"http:\/\/aikido-braunschweig.de\/index.php?rest_route=%2Fwp%2Fv2%2Fcomments&post=3"}],"version-history":[{"count":3,"href":"http:\/\/aikido-braunschweig.de\/index.php?rest_route=\/wp\/v2\/pages\/3\/revisions"}],"predecessor-version":[{"id":162,"href":"http:\/\/aikido-braunschweig.de\/index.php?rest_route=\/wp\/v2\/pages\/3\/revisions\/162"}],"wp:attachment":[{"href":"http:\/\/aikido-braunschweig.de\/index.php?rest_route=%2Fwp%2Fv2%2Fmedia&parent=3"}],"curies":[{"name":"wp","href":"https:\/\/api.w.org\/{rel}","templated":true}]}}