{"id":64,"date":"2018-06-16T19:43:26","date_gmt":"2018-06-16T17:43:26","guid":{"rendered":"http:\/\/aikido.tigerpages.de\/?page_id=64"},"modified":"2018-06-23T16:47:11","modified_gmt":"2018-06-23T14:47:11","slug":"aikido","status":"publish","type":"page","link":"http:\/\/aikido-braunschweig.de\/?page_id=64","title":{"rendered":"Aikido"},"content":{"rendered":"<p><b><img loading=\"lazy\" decoding=\"async\" class=\"size-medium wp-image-47 alignleft\" src=\"http:\/\/aikido.tigerpages.de\/wp-content\/uploads\/2018\/06\/aikido-kanji-zumm-99x300.png\" alt=\"\" width=\"99\" height=\"300\" srcset=\"http:\/\/aikido-braunschweig.de\/wp-content\/uploads\/2018\/06\/aikido-kanji-zumm-99x300.png 99w, http:\/\/aikido-braunschweig.de\/wp-content\/uploads\/2018\/06\/aikido-kanji-zumm.png 214w\" sizes=\"auto, (max-width: 99px) 100vw, 99px\" \/>AIKIDO &#8211; Der harmonische Weg<\/b><\/p>\n<p>Aikido wird zu den Budo-K\u00fcnsten gerechnet und ist tief in der japanischen Tradition und Kultur verwurzelt.<\/p>\n<p>AI\u00a0\u00a0\u00a0 Harmonie.<br \/>\nKI\u00a0\u00a0\u00a0 universelle (lebens-) Energie.<br \/>\nDO\u00a0\u00a0 Weg.<\/p>\n<p>Aikido ist eine defensive, moderne Kampfkunst, die ohne Wettkampf und Leistungsdenken auskommt.<\/p>\n<p><i>&#8222;Aggression zu kontrollieren ohne Verletzungen zuzuf\u00fcgen, das ist der friedvolle Weg.&#8220; (Ueshiba Morihei, Gr\u00fcnder des Aikido, &#8222;The Art of Peace&#8220;)<\/i><\/p>\n<p>Die aggressive Energie eines Angriffs wird beim Aikido umgelenkt und gegen den Angreifer selbst zur\u00fcckgef\u00fchrt, um ihn unter Kontrolle zu bringen. Angriffe werden nie hart abgeblockt, sondern aufgenommen und in die eigene Bewegung integriert. .<\/p>\n<p>Die hohe Wirksamkeit der Aikidotechniken beruht auf den Hebelgesetzen, exaktem Timing, Konzentration, Bewahren der eigenen ruhigen Mitte in der Bewegung, und richtigem Atmen. Vollendet ausgef\u00fchrt wirken Aikidobewegungen sehr \u00e4sthetisch und fast spielerisch.<\/p>\n<p>Aikido\u00a0kann von jedem Menschen,\u00a0unabh\u00e4ngig von seinem Alter und seiner Konstitution erlernt und bis ins hohe Alter auch praktiziert werden. Das Ziel des Aikido ist, eine Geisteshaltung zu entwickeln, die gelassen und frei von Aggression und Angst ist..<\/p>\n<p><i>&#8222;<\/i><i>Das Ziel des Aikido ist es, K\u00f6rper und Geist zu trainieren und aufrichtige und ernsthafte Menschen hervorzubringen.&#8220; (Regeln des Gr\u00fcnders f\u00fcr das Aikido-Training,<\/i> ca. 1935)<\/p>\n<p><i>(Quelle: Aikikai Deutschland e.V., gek\u00fcrzte und leicht redigierte Fassung)<\/i><\/p>\n<p><b><u>Osensei Morihei Ueshibas Aikido-Regeln<\/u>: <\/b> <a href=\"http:\/\/www.aikidofaq.com\/teachings\/dojo_rules.html\" target=\"_blank\" rel=\"noopener\">www.aikidofaq.com\/teachings\/dojo_rules.html<\/a><\/p>\n","protected":false},"excerpt":{"rendered":"<p>AIKIDO &#8211; Der harmonische Weg Aikido wird zu den Budo-K\u00fcnsten gerechnet und ist tief in der japanischen Tradition und Kultur verwurzelt. AI\u00a0\u00a0\u00a0 Harmonie. KI\u00a0\u00a0\u00a0 universelle (lebens-) Energie. DO\u00a0\u00a0 Weg. Aikido ist eine defensive, moderne Kampfkunst, die ohne Wettkampf und Leistungsdenken auskommt. &#8222;Aggression zu kontrollieren ohne Verletzungen zuzuf\u00fcgen, das ist der friedvolle Weg.&#8220; (Ueshiba Morihei, Gr\u00fcnder [&hellip;]<\/p>\n","protected":false},"author":1,"featured_media":0,"parent":0,"menu_order":0,"comment_status":"closed","ping_status":"closed","template":"","meta":{"footnotes":""},"class_list":["post-64","page","type-page","status-publish","hentry"],"_links":{"self":[{"href":"http:\/\/aikido-braunschweig.de\/index.php?rest_route=\/wp\/v2\/pages\/64","targetHints":{"allow":["GET"]}}],"collection":[{"href":"http:\/\/aikido-braunschweig.de\/index.php?rest_route=\/wp\/v2\/pages"}],"about":[{"href":"http:\/\/aikido-braunschweig.de\/index.php?rest_route=\/wp\/v2\/types\/page"}],"author":[{"embeddable":true,"href":"http:\/\/aikido-braunschweig.de\/index.php?rest_route=\/wp\/v2\/users\/1"}],"replies":[{"embeddable":true,"href":"http:\/\/aikido-braunschweig.de\/index.php?rest_route=%2Fwp%2Fv2%2Fcomments&post=64"}],"version-history":[{"count":2,"href":"http:\/\/aikido-braunschweig.de\/index.php?rest_route=\/wp\/v2\/pages\/64\/revisions"}],"predecessor-version":[{"id":128,"href":"http:\/\/aikido-braunschweig.de\/index.php?rest_route=\/wp\/v2\/pages\/64\/revisions\/128"}],"wp:attachment":[{"href":"http:\/\/aikido-braunschweig.de\/index.php?rest_route=%2Fwp%2Fv2%2Fmedia&parent=64"}],"curies":[{"name":"wp","href":"https:\/\/api.w.org\/{rel}","templated":true}]}}