{"id":66,"date":"2018-06-16T19:44:01","date_gmt":"2018-06-16T17:44:01","guid":{"rendered":"http:\/\/aikido.tigerpages.de\/?page_id=66"},"modified":"2020-07-30T16:05:28","modified_gmt":"2020-07-30T14:05:28","slug":"66-2","status":"publish","type":"page","link":"http:\/\/aikido-braunschweig.de\/?page_id=66","title":{"rendered":"Impressum"},"content":{"rendered":"<p>Das Internetangebot wird herausgegeben von der<\/p>\n<p><strong>Aikido Gruppe<\/strong> Braunschweig<\/p>\n<p>Postanschrift:<br \/>\nAikido c\/o Johanna Huber<br \/>\nWendenring 16<br \/>\n38114 Braunschweig<\/p>\n<h3>Kontakt:<\/h3>\n<p>Homepage: www.aikido-braunschweig.de<\/p>\n<p>Verantwortlich\/Realisierung\/Design\/Copyright (sofern nicht anders vermerkt):<br \/>\nJohanna Huber<\/p>\n<table>\n<tbody>\n<tr>\n<td>info<\/td>\n<td>@<\/td>\n<td>aikido-braunschweig.de<\/td>\n<\/tr>\n<\/tbody>\n<\/table>\n<h3>Rechtliche Hinweise<\/h3>\n<p>Hinweis:<\/p>\n<p>Die Internetpr\u00e4senz \u201eAikido-Braunschweig.de\u201c soll potenziellen Trainings- und Aikido-Interessierten Informationsmaterial bereitstellen. Auf die Richtigkeit, Aktualit\u00e4t, Vollst\u00e4ndigkeit, Verst\u00e4ndlichkeit und jederzeitige Verf\u00fcgbarkeit der bereitgestellten Informationen wird sorgf\u00e4ltig geachtet.<\/p>\n<p>Dennoch sind folgende Einschr\u00e4nkungen zu machen:<\/p>\n<p>Inhalte anderweitiger Anbieter:<\/p>\n<p>Links zu anderen Inhalten und Internetseiten Dritter (&#8222;fremden Inhalten&#8220;) werden durch den verantwortlichen nach bestem Wissen und unter Beachtung gr\u00f6\u00dftm\u00f6glicher Sorgfalt erstellt. Sie vermitteln lediglich den Zugang zu &#8222;fremden Inhalten&#8220;. Dabei wurde auf die Vertrauensw\u00fcrdigkeit dritter Anbieter und die Fehlerfreiheit sowie Rechtm\u00e4\u00dfigkeit der &#8222;fremden Inhalte&#8220; besonders geachtet.<\/p>\n<p>Da jedoch der Inhalt von Internetseiten dynamisch ist und sich jederzeit \u00e4ndern kann, ist eine stetige Einzelfallpr\u00fcfung s\u00e4mtlicher Inhalte, auf die ein Link erstellt wurde, nicht m\u00f6glich. Der Verantwortliche macht sich deshalb den Inhalt von Internetseiten Dritter, die mit der eigenen Internetpr\u00e4senz verlinkt sind, insoweit ausdr\u00fccklich nicht zu Eigen. F\u00fcr Sch\u00e4den und Rechtsverletzungen aus der Nutzung oder Nichtnutzung &#8222;fremder Inhalte&#8220; haftet ausschlie\u00dflich der jeweilige Anbieter der Seite, auf die verwiesen wurde. Verpflichtungen zur Entfernung oder Sperrung der Nutzung von Informationen nach den allgemeinen Gesetzen bleiben hiervon unber\u00fchrt. Eine diesbez\u00fcgliche Haftung ist jedoch erst ab dem Zeitpunkt der Kenntnis einer konkreten Rechtsverletzung m\u00f6glich. Bei Bekannt werden von entsprechenden Rechtsverletzungen werden diese Inhalte umgehend entfernt.<\/p>\n<p>Eigene Inhalte:<\/p>\n<p>Soweit die auf unserer Internet-Pr\u00e4senz eingestellten Inhalte Hinweise, Empfehlungen oder Ausk\u00fcnfte enthalten, sind sie nach bestem Wissen und unter Beachtung gr\u00f6\u00dftm\u00f6glicher Sorgfalt erstellt.<\/p>\n<p>Der Betreiber haftet nicht f\u00fcr Sch\u00e4den bzw. Rechtsverletzungen, die durch die Nutzung oder Nichtnutzung angebotener Informationen entstehen. F\u00fcr etwaige Sch\u00e4den und Rechtsverletzungen, die beim Aufrufen oder Herunterladen von Daten durch Computerviren verursacht werden, wird nicht gehaftet.<\/p>\n<p>Urheberrecht:<br \/>\nDas Copyright f\u00fcr Texte und Bilder liegt bei eigenen Inhalten beim Betreiber. Bei den Inhalten anderweitiger Anbieter wird dies gesondert angegeben, in diesem Fall verbleibt das Copyright beim jeweiligen Anbieter. Die bei Aikido-Braunschweig.de zur Verf\u00fcgung gestellte Texte, Textteile, Grafiken, Tabellen oder Bildmaterialien d\u00fcrfen ohne vorherige Zustimmung nicht vervielf\u00e4ltigt, nicht verbreitet und nicht ausgestellt werden.<\/p>\n","protected":false},"excerpt":{"rendered":"<p>Das Internetangebot wird herausgegeben von der Aikido Gruppe Braunschweig Postanschrift: Aikido c\/o Johanna Huber Wendenring 16 38114 Braunschweig Kontakt: Homepage: www.aikido-braunschweig.de Verantwortlich\/Realisierung\/Design\/Copyright (sofern nicht anders vermerkt): Johanna Huber info @ aikido-braunschweig.de Rechtliche Hinweise Hinweis: Die Internetpr\u00e4senz \u201eAikido-Braunschweig.de\u201c soll potenziellen Trainings- und Aikido-Interessierten Informationsmaterial bereitstellen. Auf die Richtigkeit, Aktualit\u00e4t, Vollst\u00e4ndigkeit, Verst\u00e4ndlichkeit und jederzeitige Verf\u00fcgbarkeit der bereitgestellten [&hellip;]<\/p>\n","protected":false},"author":1,"featured_media":0,"parent":0,"menu_order":0,"comment_status":"closed","ping_status":"closed","template":"","meta":{"footnotes":""},"class_list":["post-66","page","type-page","status-publish","hentry"],"_links":{"self":[{"href":"http:\/\/aikido-braunschweig.de\/index.php?rest_route=\/wp\/v2\/pages\/66","targetHints":{"allow":["GET"]}}],"collection":[{"href":"http:\/\/aikido-braunschweig.de\/index.php?rest_route=\/wp\/v2\/pages"}],"about":[{"href":"http:\/\/aikido-braunschweig.de\/index.php?rest_route=\/wp\/v2\/types\/page"}],"author":[{"embeddable":true,"href":"http:\/\/aikido-braunschweig.de\/index.php?rest_route=\/wp\/v2\/users\/1"}],"replies":[{"embeddable":true,"href":"http:\/\/aikido-braunschweig.de\/index.php?rest_route=%2Fwp%2Fv2%2Fcomments&post=66"}],"version-history":[{"count":4,"href":"http:\/\/aikido-braunschweig.de\/index.php?rest_route=\/wp\/v2\/pages\/66\/revisions"}],"predecessor-version":[{"id":241,"href":"http:\/\/aikido-braunschweig.de\/index.php?rest_route=\/wp\/v2\/pages\/66\/revisions\/241"}],"wp:attachment":[{"href":"http:\/\/aikido-braunschweig.de\/index.php?rest_route=%2Fwp%2Fv2%2Fmedia&parent=66"}],"curies":[{"name":"wp","href":"https:\/\/api.w.org\/{rel}","templated":true}]}}