{"id":70,"date":"2018-06-16T19:44:51","date_gmt":"2018-06-16T17:44:51","guid":{"rendered":"http:\/\/aikido.tigerpages.de\/?page_id=70"},"modified":"2018-06-23T17:06:22","modified_gmt":"2018-06-23T15:06:22","slug":"shizen-taido","status":"publish","type":"page","link":"http:\/\/aikido-braunschweig.de\/?page_id=70","title":{"rendered":"Shizen-Taido"},"content":{"rendered":"<p><b>Taido\u00a0\u00a0<\/b><b> &#8211;\u00a0\u00a0<\/b><img loading=\"lazy\" decoding=\"async\" class=\"size-medium wp-image-46 alignleft\" src=\"http:\/\/aikido.tigerpages.de\/wp-content\/uploads\/2018\/06\/Taido-129x300.jpg\" alt=\"\" width=\"129\" height=\"300\" srcset=\"http:\/\/aikido-braunschweig.de\/wp-content\/uploads\/2018\/06\/Taido-129x300.jpg 129w, http:\/\/aikido-braunschweig.de\/wp-content\/uploads\/2018\/06\/Taido.jpg 169w\" sizes=\"auto, (max-width: 129px) 100vw, 129px\" \/><b> japanische Kampfkunst<\/b><br \/>\nein Weg\u00a0zu\u00a0Ausgeglichenheit, Freude\u00a0 und\u00a0 Selbstvertrauen<\/p>\n<p>Taido (Shizen-Taido &#8211; der nat\u00fcrliche Weg) ist eine Selbstverteidigungskunst, die\u00a0 auf\u00a0 Aikido\u00a0 basiert\u00a0 und\u00a0 die\u00a0 traditionelle\u00a0 japanische\u00a0 Budok\u00fcnste\u00a0 mit Atemtechniken und gesundheitsf\u00f6rdernden Techniken vereint.<br \/>\nIm Unterricht werden au\u00dfer Aikido-, Schwert-, Stock- und laido-Techniken auch \u00dcbungen aus verschiedenen Atem- und Heilmethoden verwendet.<\/p>\n<p>Es ist f\u00fcr jedes Alter geeignet, da die Wirksamkeit der Techniken nicht auf K\u00f6rperkraft beruht.<\/p>\n<p>Die partnerschaftlichen Taido-\u00dcbungen beinhalten nicht nur den Selbstverteidigungseffekt.<\/p>\n<p>Sie bezwecken auch, mit Hilfe des Partners die Kontrolle \u00fcber sich selbst und den eigenen K\u00f6rper und die K\u00f6rperhaltung zu erlangen. Eine gute Kontrollf\u00e4higkeit bewirkt, dass man sich selbst und auch den Partner beim Training nicht verletzt und freundschaftlich und mit Freude zusammen \u00fcbt.<\/p>\n<p>Das ist ein wichtiges Anliegen des Taido.<\/p>\n<p><i>Quelle: <a href=\"http:\/\/www.taido-hannover.de\">www.taido-hannover.de<\/a>\u00a0<\/i><\/p>\n","protected":false},"excerpt":{"rendered":"<p>Taido\u00a0\u00a0 &#8211;\u00a0\u00a0 japanische Kampfkunst ein Weg\u00a0zu\u00a0Ausgeglichenheit, Freude\u00a0 und\u00a0 Selbstvertrauen Taido (Shizen-Taido &#8211; der nat\u00fcrliche Weg) ist eine Selbstverteidigungskunst, die\u00a0 auf\u00a0 Aikido\u00a0 basiert\u00a0 und\u00a0 die\u00a0 traditionelle\u00a0 japanische\u00a0 Budok\u00fcnste\u00a0 mit Atemtechniken und gesundheitsf\u00f6rdernden Techniken vereint. Im Unterricht werden au\u00dfer Aikido-, Schwert-, Stock- und laido-Techniken auch \u00dcbungen aus verschiedenen Atem- und Heilmethoden verwendet. Es ist f\u00fcr jedes Alter [&hellip;]<\/p>\n","protected":false},"author":1,"featured_media":0,"parent":0,"menu_order":0,"comment_status":"closed","ping_status":"closed","template":"","meta":{"footnotes":""},"class_list":["post-70","page","type-page","status-publish","hentry"],"_links":{"self":[{"href":"http:\/\/aikido-braunschweig.de\/index.php?rest_route=\/wp\/v2\/pages\/70","targetHints":{"allow":["GET"]}}],"collection":[{"href":"http:\/\/aikido-braunschweig.de\/index.php?rest_route=\/wp\/v2\/pages"}],"about":[{"href":"http:\/\/aikido-braunschweig.de\/index.php?rest_route=\/wp\/v2\/types\/page"}],"author":[{"embeddable":true,"href":"http:\/\/aikido-braunschweig.de\/index.php?rest_route=\/wp\/v2\/users\/1"}],"replies":[{"embeddable":true,"href":"http:\/\/aikido-braunschweig.de\/index.php?rest_route=%2Fwp%2Fv2%2Fcomments&post=70"}],"version-history":[{"count":2,"href":"http:\/\/aikido-braunschweig.de\/index.php?rest_route=\/wp\/v2\/pages\/70\/revisions"}],"predecessor-version":[{"id":138,"href":"http:\/\/aikido-braunschweig.de\/index.php?rest_route=\/wp\/v2\/pages\/70\/revisions\/138"}],"wp:attachment":[{"href":"http:\/\/aikido-braunschweig.de\/index.php?rest_route=%2Fwp%2Fv2%2Fmedia&parent=70"}],"curies":[{"name":"wp","href":"https:\/\/api.w.org\/{rel}","templated":true}]}}