{"id":93,"date":"2018-06-16T19:53:43","date_gmt":"2018-06-16T17:53:43","guid":{"rendered":"http:\/\/aikido.tigerpages.de\/?page_id=93"},"modified":"2021-09-19T09:35:47","modified_gmt":"2021-09-19T07:35:47","slug":"joachim-ditz","status":"publish","type":"page","link":"http:\/\/aikido-braunschweig.de\/?page_id=93","title":{"rendered":"\u2020 Joachim Ditz"},"content":{"rendered":"<p>Mit gro\u00dfer Trauer mussten wir Abschied nehmen von unserem Trainer Joachim Ditz.<\/p>\n<p>Joachim hatte seit Mitte Mai 2018 das Training unserer Gruppe \u00fcbernommen. Als wir nach dem Tod von Martin nicht wussten, wie es mit uns ohne Trainer weitergehen sollte, war er auf einmal da f\u00fcr uns, ist sofort eingesprungen und war ohne jedes Z\u00f6gern bereit, zweimal w\u00f6chentlich die Zugfahrt nach Braunschweig auf sich zu nehmen, selbst wenn einmal nicht so viele Leute zum Training gekommen sind.<\/p>\n<p>Joachim hat Aikido wirklich gelebt. Nach fast jedem Wochenende brachte er von einem Lehrgang neue Ideen, Techniken und Prinzipien mit die er voll Begeisterung an uns weitergab.<\/p>\n<p>Seine eleganten, flie\u00dfenden Bewegungen, die trotzdem im Detail mit Pr\u00e4zision gef\u00fchrt wurden und seine Hingabe f\u00fcr Aikido und unsere Gruppe werden uns alle\u00a0 f\u00fcr die Zukunft weiter pr\u00e4gen.<\/p>\n<p>Vielen Dank.<\/p>\n<h2>Pers\u00f6nliche Daten:<\/h2>\n<div>\n<div style=\"width: 300px; padding: 10px; display: inline-block;\">Name:<\/div>\n<div style=\"padding: 10px; display: inline-block;\">Joachim Ditz<\/div>\n<\/div>\n<div>\n<div style=\"width: 300px; padding: 10px; display: inline-block;\">Geboren am:<\/div>\n<div style=\"padding: 10px; display: inline-block;\">25.01.1958\u00a0<\/div>\n<\/div>\n<div>\n<div style=\"width: 300px; padding: 10px; display: inline-block;\">\u2020<\/div>\n<div style=\"padding: 10px; display: inline-block;\">03.08.2021<\/div>\n<\/div>\n<h2>Mein Training, wodurch bin ich beeinflusst:<\/h2>\n<div>Ich bin Sch\u00fcler von Meister Asai und habe von 1998 bis 2009 seinem Dojo in D\u00fcsseldorf trainiert.<\/div>\n<div>Ich versuche die Kampfkunst oder Bewegungskunst, die ich bei Meister Asai erlernt habe, weiterzugeben.<\/div>\n<div>Deshalb steht bei mir die Dynamik der Bewegung im Vordergrund.<\/div>\n<div>Hier ein Video einer Vorf\u00fchrung zum 50 j\u00e4hrigen Bestehen des Aikikai d&#8217;Italia:<\/div>\n<p><a href=\"https:\/\/www.youtube.com\/watch?v=qTaefygFrHM\" target=\"_blank\" rel=\"noopener noreferrer\">Meister Asai<\/a><\/p>\n<div style=\"padding-top: 10px;\">Mein Aikido ist stark durch das von Meister Noro entwickelte Kinomichi beeinflusst.<\/div>\n<div style=\"padding-top: 10px;\">Meister Noro hat in den Siebzigern, sein Aikido in eine reine Bewegungskunst weiterentwickelt:<\/div>\n<p><a href=\"https:\/\/www.kinomichi.de\/was-ist-kinomichi\/\" target=\"_blank\" rel=\"noopener noreferrer\">Was ist Kinomichi<\/a><br \/><a href=\"https:\/\/www.youtube.com\/watch?v=V1-Xsr0ydVg\" target=\"_blank\" rel=\"noopener noreferrer\">Kinomichi Vorf\u00fchrung<\/a><\/p>\n<div style=\"padding-top: 10px;\">Meister Asai und Meister Noro haben seit ihrer Kindheit bei Morihei Ueshiba O Sensei zusammen trainiert.<\/div>\n<div>Hier ein Video, in dem die beiden in den Neunzigern zusammen albern:<\/div>\n<p><a href=\"https:\/\/www.youtube.com\/watch?v=Azjc2O0f20U\" target=\"_blank\" rel=\"noopener noreferrer\">Meister Asai und Meister Noro<\/a><\/p>\n<div style=\"padding-top: 10px;\">Das Aikido Meister Noros geh\u00f6rte zu den dynamischsten und elegantesten in der gesamten Aikidowelt.<\/div>\n<div>Hier eine Zusammenstellung von einem seiner Sch\u00fcler Daniel Toutain:<\/div>\n<p><a href=\"https:\/\/www.youtube.com\/watch?v=NbQANnGI_A8&amp;t=63s\" target=\"_blank\" rel=\"noopener noreferrer\">Meister Noros Aikido<\/a><\/p>\n<div style=\"padding-top: 10px;\">Kinomichi habe ich 2002 in Wuppertal angefangen:<\/div>\n<p><a href=\"http:\/\/www.kinomichi-wuppertal.de\/main\/kinomichi.php\" target=\"_blank\" rel=\"noopener noreferrer\">Kinomichi in Wuppertal<\/a><\/p>\n<div>Hier habe ich auch oft beim Aikido von Ludger M\u00fcller und Miko Gottschalk mittrainiert:<\/div>\n<p><a href=\"http:\/\/aikikai.de\/index.php?w=52&amp;film=10\" target=\"_blank\" rel=\"noopener noreferrer\">Aikidotraining in Wuppertal<\/a><\/p>\n<p>Einer der Trainer in Wuppertal ist <a href=\"http:\/\/www.kinomichi-wuppertal.de\/main\/Lehrer.php\" target=\"_blank\" rel=\"noopener noreferrer\">Jean Laurent Sasportes<\/a>, ein Weltklasse T\u00e4nzer, der zu der Zeit im Ensemble von Pina Bausch war. Ich vermisse seine intensive K\u00f6rperarbeit.<\/p>\n<div style=\"padding-top: 10px;\">\n<p>Von 2009 bis 20015 habe ich in M\u00fcnchen und N\u00fcrnberg gelebt.<\/p>\n<div>\n<div>In M\u00fcnchen habe ich bei Albrecht Huber Aikido trainiert:<\/div>\n<p><a href=\"http:\/\/aikikai.de\/index.php?w=52&amp;film=4\" target=\"_blank\" rel=\"noopener noreferrer\">Aikidotraining in M\u00fcnchen<\/a><\/p>\n<div>Kinomichi habe ich bei Carola B\u00f6hme trainiert:<\/div>\n<p><a href=\"https:\/\/www.kinomichi.de\/wo\/kinomichi-in-muenchen\/\" target=\"_blank\" rel=\"noopener noreferrer\">Kinomichi in M\u00fcnchen<\/a><\/p>\n<div style=\"padding-top: 10px;\">Au\u00dferdem habe ich in S\u00fcddeutschland in den Dojos N\u00fcrnberg, Erlangen und Bamberg trainiert:<\/div>\n<p><a href=\"http:\/\/aikikai.de\/index.php?w=52&amp;film=23\" target=\"_blank\" rel=\"noopener noreferrer\">Aikidotraining in Bamberg<\/a><\/p>\n<div style=\"padding-top: 10px;\">Zurzeit, versuche ich mich durch Lehrg\u00e4nge selbst weiterzuentwickeln.<\/div>\n<div>Neben Lehrg\u00e4ngen des Aikikai Deutschland, besuche ich auch Lehrg\u00e4nge des 89 Jahre alten Meister Tada.(9. Dan)<\/div>\n<div>Hier ein Video aus diesem Jahr:<\/div>\n<p><a href=\"https:\/\/www.youtube.com\/watch?v=-7XB0E6ddxU\" target=\"_blank\" rel=\"noopener noreferrer\">Aikikai Aikido &#8211; Tada Hiroshi Shihan &#8211; 56th All Japan Aikido Demonstration (2018)<\/a><\/p>\n<\/div>\n<\/div>\n\n\n<p><\/p>\n","protected":false},"excerpt":{"rendered":"<p>Mit gro\u00dfer Trauer mussten wir Abschied nehmen von unserem Trainer Joachim Ditz. Joachim hatte seit Mitte Mai 2018 das Training unserer Gruppe \u00fcbernommen. Als wir nach dem Tod von Martin nicht wussten, wie es mit uns ohne Trainer weitergehen sollte, war er auf einmal da f\u00fcr uns, ist sofort eingesprungen und war ohne jedes Z\u00f6gern [&hellip;]<\/p>\n","protected":false},"author":1,"featured_media":120,"parent":0,"menu_order":1,"comment_status":"closed","ping_status":"closed","template":"","meta":{"footnotes":""},"class_list":["post-93","page","type-page","status-publish","has-post-thumbnail","hentry"],"_links":{"self":[{"href":"http:\/\/aikido-braunschweig.de\/index.php?rest_route=\/wp\/v2\/pages\/93","targetHints":{"allow":["GET"]}}],"collection":[{"href":"http:\/\/aikido-braunschweig.de\/index.php?rest_route=\/wp\/v2\/pages"}],"about":[{"href":"http:\/\/aikido-braunschweig.de\/index.php?rest_route=\/wp\/v2\/types\/page"}],"author":[{"embeddable":true,"href":"http:\/\/aikido-braunschweig.de\/index.php?rest_route=\/wp\/v2\/users\/1"}],"replies":[{"embeddable":true,"href":"http:\/\/aikido-braunschweig.de\/index.php?rest_route=%2Fwp%2Fv2%2Fcomments&post=93"}],"version-history":[{"count":11,"href":"http:\/\/aikido-braunschweig.de\/index.php?rest_route=\/wp\/v2\/pages\/93\/revisions"}],"predecessor-version":[{"id":261,"href":"http:\/\/aikido-braunschweig.de\/index.php?rest_route=\/wp\/v2\/pages\/93\/revisions\/261"}],"wp:featuredmedia":[{"embeddable":true,"href":"http:\/\/aikido-braunschweig.de\/index.php?rest_route=\/wp\/v2\/media\/120"}],"wp:attachment":[{"href":"http:\/\/aikido-braunschweig.de\/index.php?rest_route=%2Fwp%2Fv2%2Fmedia&parent=93"}],"curies":[{"name":"wp","href":"https:\/\/api.w.org\/{rel}","templated":true}]}}